{"id":2729,"date":"2026-04-12T08:22:42","date_gmt":"2026-04-12T08:22:42","guid":{"rendered":"https:\/\/motorental.cat\/lloguer-de-motos-a-lestartit\/"},"modified":"2026-04-12T08:22:42","modified_gmt":"2026-04-12T08:22:42","slug":"lloguer-de-motos-a-lestartit","status":"publish","type":"page","link":"https:\/\/motorental.cat\/fr\/lloguer-de-motos-a-lestartit\/","title":{"rendered":"Lloguer de motos a l&#8217;Estartit"},"content":{"rendered":"<h1>Lloguer de motos a l&#8217;Estartit<\/h1>\n<p>Si necessites lloguer de motos a l&#8217;Estartit, Moto Rental Costa Brava t&#8217;ofereix una manera c\u00f2moda i eficient de descobrir la Costa Brava. La nostra seu de l&#8217;Escala es troba a pocs km.<\/p>\n<p>Des de l&#8217;Estartit podr\u00e0s visitar les Illes Medes, rec\u00f3rrer la costa i accedir a diferents cales amb total llibertat gr\u00e0cies a les nostres motos de 125cc.<\/p>\n<p>El nostre servei est\u00e0 pensat per a turistes que volen evitar tr\u00e0nsit i gaudir de les vacances sense preocupacions.<\/p>\n<p>Fes la teva reserva online en pocs minuts i prepara&#8217;t per explorar l&#8217;Estartit i els seus voltants.<\/p>\n<h2>Explora l&#8217;Estartit i les Illes Medes<\/h2>\n<p>L&#8217;Estartit \u00e9s la porta d&#8217;entrada a les Illes Medes, una reserva marina de fama internacional. En moto podr\u00e0s rec\u00f3rrer la costa i arribar als millors punts de vista i cales de la zona.<\/p>\n<h2>Per qu\u00e8 llogar una moto<\/h2>\n<p>Mobilitat total, sense estresses d&#8217;aparcament i amb la llibertat de descobrir la Costa Brava al teu ritme. La moto \u00e9s el vehicle perfecte per a les vacances d&#8217;estiu.<\/p>\n<h2>Opcions d&#8217;asseguran\u00e7a<\/h2>\n<p>B\u00e0sica, est\u00e0ndard i Premium. Escull la cobertura que millor s&#8217;adapti a les teves necessitats per viatjar amb total tranquil\u00b7litat.<\/p>\n<h2>Reserva<\/h2>\n<p>Reserva la teva moto online en pocs minuts. Confirmaci\u00f3 immediata i servei proper i de qualitat.<\/p>","protected":false},"excerpt":{"rendered":"<p>Lloguer de motos a l&#8217;Estartit Si necessites lloguer de motos a l&#8217;Estartit, Moto Rental Costa&hellip;<\/p>","protected":false},"author":1,"featured_media":0,"parent":0,"menu_order":0,"comment_status":"closed","ping_status":"closed","template":"","meta":[],"_links":{"self":[{"href":"https:\/\/motorental.cat\/fr\/wp-json\/wp\/v2\/pages\/2729"}],"collection":[{"href":"https:\/\/motorental.cat\/fr\/wp-json\/wp\/v2\/pages"}],"about":[{"href":"https:\/\/motorental.cat\/fr\/wp-json\/wp\/v2\/types\/page"}],"author":[{"embeddable":true,"href":"https:\/\/motorental.cat\/fr\/wp-json\/wp\/v2\/users\/1"}],"replies":[{"embeddable":true,"href":"https:\/\/motorental.cat\/fr\/wp-json\/wp\/v2\/comments?post=2729"}],"version-history":[{"count":0,"href":"https:\/\/motorental.cat\/fr\/wp-json\/wp\/v2\/pages\/2729\/revisions"}],"wp:attachment":[{"href":"https:\/\/motorental.cat\/fr\/wp-json\/wp\/v2\/media?parent=2729"}],"curies":[{"name":"wp","href":"https:\/\/api.w.org\/{rel}","templated":true}]}}