{"id":2725,"date":"2026-04-12T08:21:47","date_gmt":"2026-04-12T08:21:47","guid":{"rendered":"https:\/\/motorental.cat\/lloguer-de-motos-a-palamos\/"},"modified":"2026-04-12T08:21:47","modified_gmt":"2026-04-12T08:21:47","slug":"lloguer-de-motos-a-palamos","status":"publish","type":"page","link":"https:\/\/motorental.cat\/fr\/lloguer-de-motos-a-palamos\/","title":{"rendered":"Lloguer de motos a Palam\u00f3s"},"content":{"rendered":"<h1>Lloguer de motos a Palam\u00f3s<\/h1>\n<p>El lloguer de motos a Palam\u00f3s \u00e9s una de les millors opcions per explorar la Costa Brava de manera c\u00f2moda i flexible.<\/p>\n<p>Amb les nostres motos de 125cc podr\u00e0s moure&#8217;t f\u00e0cilment pel centre de Palam\u00f3s i accedir a les cales m\u00e9s boniques de la zona sense preocupar-te per l&#8217;aparcament.<\/p>\n<p>A Moto Rental Costa Brava t&#8217;oferim un servei r\u00e0pid, proper i sense complicacions, amb diferents opcions d&#8217;asseguran\u00e7a per adaptar-nos a les teves necessitats.<\/p>\n<p>Reserva online i prepara&#8217;t per gaudir de Palam\u00f3s i els seus voltants.<\/p>\n<h2>Descobreix Palam\u00f3s en moto<\/h2>\n<p>Palam\u00f3s combina un centre pesquer aut\u00e8ntic amb platges i cales espectaculars. En moto, pots moure&#8217;t entre tots aquests indrets en pocs minuts.<\/p>\n<h2>Beneficis del lloguer<\/h2>\n<p>Sense problemes d&#8217;aparcament, amb total flexibilitat d&#8217;horaris i a un preu molt assequible. La moto \u00e9s la millor manera de gaudir de Palam\u00f3s.<\/p>\n<h2>Opcions d&#8217;asseguran\u00e7a<\/h2>\n<p>Des d&#8217;asseguran\u00e7a b\u00e0sica fins a cobertura Premium sense franqu\u00edcia. Tria la que millor s&#8217;adapti al teu viatge.<\/p>\n<h2>Reserva en l\u00ednia<\/h2>\n<p>Fes la teva reserva online en pocs minuts. Tria les dates i la cobertura i estem a punt per rebre&#8217;t.<\/p>","protected":false},"excerpt":{"rendered":"<p>Lloguer de motos a Palam\u00f3s El lloguer de motos a Palam\u00f3s \u00e9s una de les&hellip;<\/p>","protected":false},"author":1,"featured_media":0,"parent":0,"menu_order":0,"comment_status":"closed","ping_status":"closed","template":"","meta":[],"_links":{"self":[{"href":"https:\/\/motorental.cat\/fr\/wp-json\/wp\/v2\/pages\/2725"}],"collection":[{"href":"https:\/\/motorental.cat\/fr\/wp-json\/wp\/v2\/pages"}],"about":[{"href":"https:\/\/motorental.cat\/fr\/wp-json\/wp\/v2\/types\/page"}],"author":[{"embeddable":true,"href":"https:\/\/motorental.cat\/fr\/wp-json\/wp\/v2\/users\/1"}],"replies":[{"embeddable":true,"href":"https:\/\/motorental.cat\/fr\/wp-json\/wp\/v2\/comments?post=2725"}],"version-history":[{"count":0,"href":"https:\/\/motorental.cat\/fr\/wp-json\/wp\/v2\/pages\/2725\/revisions"}],"wp:attachment":[{"href":"https:\/\/motorental.cat\/fr\/wp-json\/wp\/v2\/media?parent=2725"}],"curies":[{"name":"wp","href":"https:\/\/api.w.org\/{rel}","templated":true}]}}