{"id":2727,"date":"2026-04-12T08:22:14","date_gmt":"2026-04-12T08:22:14","guid":{"rendered":"https:\/\/motorental.cat\/lloguer-de-motos-a-lescala\/"},"modified":"2026-04-12T08:22:14","modified_gmt":"2026-04-12T08:22:14","slug":"lloguer-de-motos-a-lescala","status":"publish","type":"page","link":"https:\/\/motorental.cat\/es\/lloguer-de-motos-a-lescala\/","title":{"rendered":"Lloguer de motos a l&#8217;Escala"},"content":{"rendered":"<h1>Lloguer de motos a l&#8217;Escala<\/h1>\n<p>Si busques lloguer de motos a l&#8217;Escala, a Moto Rental Costa Brava t&#8217;oferim una soluci\u00f3 pr\u00e0ctica i c\u00f2moda per explorar la Costa Brava sense complicacions.<\/p>\n<p>Amb les nostres motos de 125cc podr\u00e0s moure&#8217;t f\u00e0cilment per l&#8217;Escala, visitar Emp\u00faries o Montg\u00f3 i descobrir les millors cales de la zona sense preocupar-te pel tr\u00e0nsit o l&#8217;aparcament.<\/p>\n<p>Ens trobem a L&#8217;Escala, amb acc\u00e9s r\u00e0pid a tota la Costa Brava, i oferim un proc\u00e9s de reserva online senzill i r\u00e0pid.<\/p>\n<p>Tria l&#8217;opci\u00f3 d&#8217;asseguran\u00e7a que millor s&#8217;adapti a tu i gaudeix del teu viatge amb total tranquil\u00b7litat.<\/p>\n<h2>Explora l&#8217;Escala i els seus voltants<\/h2>\n<p>L&#8217;Escala \u00e9s una vila amb encant, famosa per les seves anxoves i les ru\u00efnes d&#8217;Emp\u00faries. En moto podr\u00e0s visitar tots aquests llocs i molt m\u00e9s de manera c\u00f2moda i r\u00e0pida.<\/p>\n<h2>Per qu\u00e8 llogar una moto<\/h2>\n<p>Sense cues, sense problemes d&#8217;aparcament i amb total llibertat d&#8217;horaris. La moto \u00e9s la millor manera d&#8217;aprofitar al m\u00e0xim les teves vacances a l&#8217;Escala.<\/p>\n<h2>Opcions d&#8217;asseguran\u00e7a<\/h2>\n<p>Oferim cobertura b\u00e0sica, est\u00e0ndard i Premium. Escull l&#8217;opci\u00f3 que s&#8217;adapti millor a les teves necessitats i gaudeix sense preocupacions.<\/p>\n<h2>Proc\u00e9s de reserva<\/h2>\n<p>Reserva online en pocs minuts des de la nostra web. Selecciona les dates, el tipus d&#8217;asseguran\u00e7a i confirma. Et veiem aviat!<\/p>","protected":false},"excerpt":{"rendered":"<p>Lloguer de motos a l&#8217;Escala Si busques lloguer de motos a l&#8217;Escala, a Moto Rental&hellip;<\/p>","protected":false},"author":1,"featured_media":0,"parent":0,"menu_order":0,"comment_status":"closed","ping_status":"closed","template":"","meta":[],"_links":{"self":[{"href":"https:\/\/motorental.cat\/es\/wp-json\/wp\/v2\/pages\/2727"}],"collection":[{"href":"https:\/\/motorental.cat\/es\/wp-json\/wp\/v2\/pages"}],"about":[{"href":"https:\/\/motorental.cat\/es\/wp-json\/wp\/v2\/types\/page"}],"author":[{"embeddable":true,"href":"https:\/\/motorental.cat\/es\/wp-json\/wp\/v2\/users\/1"}],"replies":[{"embeddable":true,"href":"https:\/\/motorental.cat\/es\/wp-json\/wp\/v2\/comments?post=2727"}],"version-history":[{"count":0,"href":"https:\/\/motorental.cat\/es\/wp-json\/wp\/v2\/pages\/2727\/revisions"}],"wp:attachment":[{"href":"https:\/\/motorental.cat\/es\/wp-json\/wp\/v2\/media?parent=2727"}],"curies":[{"name":"wp","href":"https:\/\/api.w.org\/{rel}","templated":true}]}}