{"id":2726,"date":"2026-04-12T08:21:59","date_gmt":"2026-04-12T08:21:59","guid":{"rendered":"https:\/\/motorental.cat\/lloguer-de-motos-a-calonge\/"},"modified":"2026-04-12T08:21:59","modified_gmt":"2026-04-12T08:21:59","slug":"lloguer-de-motos-a-calonge","status":"publish","type":"page","link":"https:\/\/motorental.cat\/es\/lloguer-de-motos-a-calonge\/","title":{"rendered":"Lloguer de motos a Calonge"},"content":{"rendered":"<h1>Lloguer de motos a Calonge<\/h1>\n<p>Si busques lloguer de motos a Calonge, Moto Rental Costa Brava \u00e9s la millor opci\u00f3 per moure&#8217;t per la Costa Brava amb llibertat.<\/p>\n<p>Estem ubicats a Sant Antoni de Calonge, en una zona perfecta per iniciar rutes cap a Platja d&#8217;Aro, Palam\u00f3s o les cales m\u00e9s espectaculars del litoral.<\/p>\n<p>Les nostres motos s\u00f3n ideals per a parelles i turistes que volen gaudir de les vacances sense complicacions.<\/p>\n<p>Reserva la teva moto online i descobreix Calonge i la Costa Brava al teu ritme.<\/p>\n<h2>Explora Calonge en moto<\/h2>\n<p>Calonge i Sant Antoni de Calonge ofereixen un entorn privilegiat entre mar i muntanya. La moto \u00e9s la manera perfecta d&#8217;explorar-ho tot sense l\u00edmits.<\/p>\n<h2>Per qu\u00e8 triar Moto Rental<\/h2>\n<p>Servei proper, preus transparents, proc\u00e9s de reserva senzill i motos en perfecte estat. Som els especialistes en lloguer de motos a la Costa Brava.<\/p>\n<h2>Assegurances<\/h2>\n<p>Cobertura b\u00e0sica, est\u00e0ndard i Premium. Tria l&#8217;opci\u00f3 que millor s&#8217;adapti a les teves necessitats i gaudeix tranquil\u00b7lament.<\/p>\n<h2>Reserva<\/h2>\n<p>Reserva online en pocs clics. Confirmaci\u00f3 immediata i atenci\u00f3 personalitzada.<\/p>","protected":false},"excerpt":{"rendered":"<p>Lloguer de motos a Calonge Si busques lloguer de motos a Calonge, Moto Rental Costa&hellip;<\/p>","protected":false},"author":1,"featured_media":0,"parent":0,"menu_order":0,"comment_status":"closed","ping_status":"closed","template":"","meta":[],"_links":{"self":[{"href":"https:\/\/motorental.cat\/es\/wp-json\/wp\/v2\/pages\/2726"}],"collection":[{"href":"https:\/\/motorental.cat\/es\/wp-json\/wp\/v2\/pages"}],"about":[{"href":"https:\/\/motorental.cat\/es\/wp-json\/wp\/v2\/types\/page"}],"author":[{"embeddable":true,"href":"https:\/\/motorental.cat\/es\/wp-json\/wp\/v2\/users\/1"}],"replies":[{"embeddable":true,"href":"https:\/\/motorental.cat\/es\/wp-json\/wp\/v2\/comments?post=2726"}],"version-history":[{"count":0,"href":"https:\/\/motorental.cat\/es\/wp-json\/wp\/v2\/pages\/2726\/revisions"}],"wp:attachment":[{"href":"https:\/\/motorental.cat\/es\/wp-json\/wp\/v2\/media?parent=2726"}],"curies":[{"name":"wp","href":"https:\/\/api.w.org\/{rel}","templated":true}]}}