{"id":2724,"date":"2026-04-12T08:21:34","date_gmt":"2026-04-12T08:21:34","guid":{"rendered":"https:\/\/motorental.cat\/lloguer-de-motos-a-platja-daro\/"},"modified":"2026-04-12T08:21:34","modified_gmt":"2026-04-12T08:21:34","slug":"lloguer-de-motos-a-platja-daro","status":"publish","type":"page","link":"https:\/\/motorental.cat\/es\/lloguer-de-motos-a-platja-daro\/","title":{"rendered":"Lloguer de motos a Platja d&#8217;Aro"},"content":{"rendered":"<h1>Lloguer de motos a Platja d&#8217;Aro<\/h1>\n<p>Necessites un servei de lloguer de motos a Platja d&#8217;Aro? A Moto Rental Costa Brava t&#8217;oferim scooters de 125cc perfectes per moure&#8217;t per la zona i descobrir la Costa Brava sense complicacions.<\/p>\n<p>En nom\u00e9s pocs minuts podr\u00e0s arribar a les platges, cales i restaurants de Platja d&#8217;Aro, evitant el tr\u00e0nsit i l&#8217;estr\u00e8s d&#8217;aparcar.<\/p>\n<p>Ens trobem a pocs minuts de Platja d&#8217;Aro, a Sant Antoni de Calonge, amb un proc\u00e9s de reserva r\u00e0pid i senzill.<\/p>\n<p>Tria l&#8217;asseguran\u00e7a que millor s&#8217;adapti a tu i gaudeix del teu viatge amb total tranquil\u00b7litat.<\/p>\n<h2>Mou-te per Platja d&#8217;Aro sense complicacions<\/h2>\n<p>Platja d&#8217;Aro \u00e9s un dels destins m\u00e9s populars de la Costa Brava. Amb una moto, podr\u00e0s explorar tota la zona sense perdre temps buscant aparcament.<\/p>\n<h2>Avantatges de llogar una moto<\/h2>\n<p>Llibertat total de moviment, estalvi en despla\u00e7aments i la possibilitat de visitar racons \u00fanics que no s&#8217;arriben en cotxe.<\/p>\n<h2>Assegurances disponibles<\/h2>\n<p>Oferim cobertures b\u00e0siques i Premium per adaptar-nos a cada client. Tria la que millor s&#8217;ajusti a les teves necessitats.<\/p>\n<h2>Reserva online<\/h2>\n<p>Reserva la teva moto en pocs passos des de la nostra web. F\u00e0cil, r\u00e0pid i sense complicacions.<\/p>","protected":false},"excerpt":{"rendered":"<p>Lloguer de motos a Platja d&#8217;Aro Necessites un servei de lloguer de motos a Platja&hellip;<\/p>","protected":false},"author":1,"featured_media":0,"parent":0,"menu_order":0,"comment_status":"closed","ping_status":"closed","template":"","meta":[],"_links":{"self":[{"href":"https:\/\/motorental.cat\/es\/wp-json\/wp\/v2\/pages\/2724"}],"collection":[{"href":"https:\/\/motorental.cat\/es\/wp-json\/wp\/v2\/pages"}],"about":[{"href":"https:\/\/motorental.cat\/es\/wp-json\/wp\/v2\/types\/page"}],"author":[{"embeddable":true,"href":"https:\/\/motorental.cat\/es\/wp-json\/wp\/v2\/users\/1"}],"replies":[{"embeddable":true,"href":"https:\/\/motorental.cat\/es\/wp-json\/wp\/v2\/comments?post=2724"}],"version-history":[{"count":0,"href":"https:\/\/motorental.cat\/es\/wp-json\/wp\/v2\/pages\/2724\/revisions"}],"wp:attachment":[{"href":"https:\/\/motorental.cat\/es\/wp-json\/wp\/v2\/media?parent=2724"}],"curies":[{"name":"wp","href":"https:\/\/api.w.org\/{rel}","templated":true}]}}