{"id":2699,"date":"2024-04-19T15:20:45","date_gmt":"2024-04-19T15:20:45","guid":{"rendered":"https:\/\/motorental.cat\/?page_id=2699"},"modified":"2024-04-19T15:20:46","modified_gmt":"2024-04-19T15:20:46","slug":"renting-professional","status":"publish","type":"page","link":"https:\/\/motorental.cat\/es\/renting-professional\/","title":{"rendered":"Renting professional"},"content":{"rendered":"<figure class=\"is-layout-flex wp-block-gallery-1 wp-block-gallery has-nested-images columns-default is-cropped\">\n<figure class=\"wp-block-image size-large\"><img decoding=\"async\" loading=\"lazy\" width=\"1000\" height=\"1005\" data-id=\"2701\"  src=\"https:\/\/motorental.cat\/wp-content\/uploads\/2024\/04\/s02-delivery.jpg\" alt=\"\" class=\"wp-image-2701\" srcset=\"https:\/\/motorental.cat\/wp-content\/uploads\/2024\/04\/s02-delivery.jpg 1000w, https:\/\/motorental.cat\/wp-content\/uploads\/2024\/04\/s02-delivery-360x362.jpg 360w, https:\/\/motorental.cat\/wp-content\/uploads\/2024\/04\/s02-delivery-80x80.jpg 80w, https:\/\/motorental.cat\/wp-content\/uploads\/2024\/04\/s02-delivery-840x844.jpg 840w, https:\/\/motorental.cat\/wp-content\/uploads\/2024\/04\/s02-delivery-12x12.jpg 12w, https:\/\/motorental.cat\/wp-content\/uploads\/2024\/04\/s02-delivery-160x160.jpg 160w\" sizes=\"(max-width: 1000px) 100vw, 1000px\" \/><\/figure>\n\n\n\n<figure class=\"wp-block-image size-large\"><img decoding=\"async\" loading=\"lazy\" width=\"1080\" height=\"921\" data-id=\"2702\"  src=\"https:\/\/motorental.cat\/wp-content\/uploads\/2024\/04\/foto-delivery-1.png\" alt=\"\" class=\"wp-image-2702\" srcset=\"https:\/\/motorental.cat\/wp-content\/uploads\/2024\/04\/foto-delivery-1.png 1080w, https:\/\/motorental.cat\/wp-content\/uploads\/2024\/04\/foto-delivery-1-360x307.png 360w, https:\/\/motorental.cat\/wp-content\/uploads\/2024\/04\/foto-delivery-1-840x716.png 840w, https:\/\/motorental.cat\/wp-content\/uploads\/2024\/04\/foto-delivery-1-14x12.png 14w, https:\/\/motorental.cat\/wp-content\/uploads\/2024\/04\/foto-delivery-1-94x80.png 94w\" sizes=\"(max-width: 1080px) 100vw, 1080px\" \/><\/figure>\n<\/figure>\n\n\n\n<p>Optimiza la movilidad de tu empresa a un coste reducido!<\/p>\n\n\n\n<p>Elige la capacidad del cofre que m\u00e1s se adapte a tus necesidades y comienza a sacarle rendimiento<\/p>\n\n\n\n<p>Todos nuestros veh\u00edculos son el\u00e9ctricos con autonom\u00edas de m\u00e1s de 100km.<\/p>\n\n\n\n<p>No sufras por la carga de la bater\u00eda, con nuestro sistema de intercambio de bater\u00edas recuperar\u00e1s el 100% de la autonom\u00eda con s\u00f3lo 30 segundos o puedes cargarla en cualquier enchufe de 220v<\/p>\n\n\n\n<p>Expl\u00edquenos tu necesidad y te ofreceremos la mejor soluci\u00f3n<\/p>\n\n\n\n<p>Alquiler m\u00ednimo de 3 meses, precios especiales a partir de la segunda unidad<\/p>","protected":false},"excerpt":{"rendered":"<p>Optimitza la mobilitat de la teva empresa a un cost redu\u00eft! Tria la capacitat del&hellip;<\/p>","protected":false},"author":1,"featured_media":0,"parent":0,"menu_order":0,"comment_status":"closed","ping_status":"closed","template":"","meta":[],"_links":{"self":[{"href":"https:\/\/motorental.cat\/es\/wp-json\/wp\/v2\/pages\/2699"}],"collection":[{"href":"https:\/\/motorental.cat\/es\/wp-json\/wp\/v2\/pages"}],"about":[{"href":"https:\/\/motorental.cat\/es\/wp-json\/wp\/v2\/types\/page"}],"author":[{"embeddable":true,"href":"https:\/\/motorental.cat\/es\/wp-json\/wp\/v2\/users\/1"}],"replies":[{"embeddable":true,"href":"https:\/\/motorental.cat\/es\/wp-json\/wp\/v2\/comments?post=2699"}],"version-history":[{"count":1,"href":"https:\/\/motorental.cat\/es\/wp-json\/wp\/v2\/pages\/2699\/revisions"}],"predecessor-version":[{"id":2703,"href":"https:\/\/motorental.cat\/es\/wp-json\/wp\/v2\/pages\/2699\/revisions\/2703"}],"wp:attachment":[{"href":"https:\/\/motorental.cat\/es\/wp-json\/wp\/v2\/media?parent=2699"}],"curies":[{"name":"wp","href":"https:\/\/api.w.org\/{rel}","templated":true}]}}