{"id":608,"date":"2019-04-09T14:33:57","date_gmt":"2019-04-09T14:33:57","guid":{"rendered":"https:\/\/parkofideas.com\/foodz\/demo1\/?page_id=433"},"modified":"2023-05-21T07:33:03","modified_gmt":"2023-05-21T07:33:03","slug":"terms-and-conditions","status":"publish","type":"page","link":"https:\/\/motorental.cat\/en\/terms-and-conditions\/","title":{"rendered":"Av\u00eds legal i termes d&#8217;\u00fas"},"content":{"rendered":"<p><strong>1) INFORMACI\u00d3 DEL TITULAR<\/strong><\/p>\n\n\n\n<p>En compliment de l&#8217;article 10 de la Llei 34\/2002, d&#8217;11 de juliol, de Serveis de la Societat de la Informaci\u00f3 i Comer\u00e7 Electr\u00f2nic, a continuaci\u00f3, s&#8217;exposen les dades identificatives del Titular:<\/p>\n\n\n\n<figure class=\"wp-block-table\"><table><tbody><tr><td>Web:<\/td><td>WWW.MOTORENTAL.CAT<\/td><\/tr><tr><td>Titular:<\/td><td>MOTOR L&#8217;ESCALA, S.C.P.<\/td><\/tr><tr><td>Domicili:<\/td><td>AV. GIRONA 31. 17130-L&#8217;ESCALA<\/td><\/tr><tr><td>C.I.F.:<\/td><td>J55198550<\/td><\/tr><tr><td>Tel\u00e8fon:<\/td><td>972770943<\/td><\/tr><tr><td>Correu electr\u00f2nic:<\/td><td>TALLER@MOTORLESCALA.CAT<\/td><\/tr><tr><td>&nbsp;<\/td><td>&nbsp;<\/td><\/tr><\/tbody><\/table><\/figure>\n\n\n\n<p><strong>2) TERMES I CONDICIONS D&#8217;ACCES I US<\/strong><\/p>\n\n\n\n<p><strong>El lloc web<\/strong><\/p>\n\n\n\n<p>L&#8217;objecte de les presents Condicions Generals d&#8217;\u00das (d&#8217;ara endavant, Condicions) \u00e9s regular l&#8217;acc\u00e9s i la utilitzaci\u00f3 del Lloc web.<\/p>\n\n\n\n<p>MOTOR L&#8217;ESCALA, S.C.P. es reserva la facultat de modificar, en qualsevol moment, i sense av\u00eds previ, la presentaci\u00f3 i configuraci\u00f3 del Lloc web i dels Continguts i Serveis que en ell poguessin estar incorporats. L&#8217;Usuari reconeix i accepta que en qualsevol moment MOTOR L&#8217;ESCALA, S.C.P. pugui interrompre, desactivar i\/o cancel\u00b7lar qualsevol d&#8217;aquests elements que s&#8217;integren en el Lloc web o l&#8217;acc\u00e9s a aquests.<\/p>\n\n\n\n<p>L&#8217;acc\u00e9s al Lloc web per l&#8217;Usuari t\u00e9 car\u00e0cter lliure i, per regla general, \u00e9s gratu\u00eft sense que l&#8217;Usuari hagi de proporcionar una contraprestaci\u00f3 per a poder gaudir d&#8217;aix\u00f2, excepte en el relatiu al cost de connexi\u00f3 a trav\u00e9s de la xarxa de telecomunicacions subministrada pel prove\u00efdor d&#8217;acc\u00e9s que hagu\u00e9s contractat l&#8217;Usuari.<\/p>\n\n\n\n<p>La utilitzaci\u00f3 d&#8217;algun dels Continguts o Serveis del Lloc web podr\u00e0 fer-se mitjan\u00e7ant la subscripci\u00f3 o registre previ de l&#8217;Usuari.<\/p>\n\n\n\n<p><strong>Usuari<\/strong><\/p>\n\n\n\n<p>L&#8217;acc\u00e9s, la navegaci\u00f3 i \u00fas del Lloc web, (aix\u00ed com pels espais habilitats per a interactuar entre els Usuaris, i l&#8217;Usuari i MOTOR L&#8217;ESCALA, S.C.P., com els comentaris i\/o espais de blogging en cas d&#8217;haver-los), confereixen la condici\u00f3 d&#8217;Usuari. Pel que l&#8217;Usuari es compromet a utilitzar la p\u00e0gina Web i aquells serveis posats a la seva disposici\u00f3 a trav\u00e9s d&#8217;aquesta, de manera concorde a la Llei, moral, bons costums i ordre p\u00fablic, aix\u00ed com amb el que es disposa en el present clausulat. En conseq\u00fc\u00e8ncia, queda obligat a no utilitzar la Web amb finalitats o efectes il\u00b7l\u00edcits i\/o contraris al que s&#8217;estableix, lesius de drets i\/o interessos de tercers o que, de qualsevol forma, puguin danyar la Web o impedir el seu normal \u00fas, o dels serveis accessibles a trav\u00e9s d&#8217;aquesta.<\/p>\n\n\n\n<p>La utilitzaci\u00f3 de la Web i\/o dels seus Serveis, suposar\u00e0 l&#8217;acceptaci\u00f3 plena i sense reserves, i la validesa, de totes i cadascuna de les cl\u00e0usules recollides en l&#8217;\u00faltima versi\u00f3 actualitzada d&#8217;aquest Av\u00eds Legal, per la qual cosa l&#8217;Usuari haur\u00e0 de ser conscient de la import\u00e0ncia de llegir-les cada vegada que visiti la Web. Al seu torn, no suposa entaular cap mena de relaci\u00f3 de car\u00e0cter comercial entre MOTOR L&#8217;ESCALA, S.C.P. i l&#8217;Usuari.<\/p>\n\n\n\n<p>L&#8217;acc\u00e9s, la navegaci\u00f3 i \u00fas del Lloc web, confereix la condici\u00f3 d&#8217;Usuari, per la qual cosa s&#8217;accepten, des que s&#8217;inicia la navegaci\u00f3 pel Lloc web, totes les Condicions aqu\u00ed establertes, aix\u00ed com les seves ulteriors modificacions, sense perjudici de l&#8217;aplicaci\u00f3 de la corresponent normativa legal d&#8217;obligat compliment segons el cas. Donada la rellev\u00e0ncia de l&#8217;anterior, es recomana a l&#8217;Usuari llegir-les cada vegada que visiti el Lloc web.<\/p>\n\n\n\n<p>Sempre en el respecte de la legislaci\u00f3 vigent, aquest Lloc web de MOTOR L&#8217;ESCALA, S.C.P. es dirigeix a totes les persones, sense importar la seva edat, que puguin accedir i\/o navegar per les p\u00e0gines del Lloc web.<\/p>\n\n\n\n<p>El Lloc web est\u00e0 dirigit principalment a Usuaris residents en Espanya&nbsp;&nbsp;&nbsp;&nbsp;&nbsp;&nbsp;&nbsp;&nbsp;&nbsp;&nbsp;&nbsp;&nbsp;&nbsp;&nbsp;&nbsp;&nbsp;&nbsp;&nbsp;&nbsp;&nbsp;&nbsp;&nbsp;&nbsp;&nbsp;&nbsp;&nbsp;&nbsp;&nbsp;&nbsp;&nbsp;&nbsp;&nbsp;&nbsp;&nbsp;&nbsp;&nbsp;&nbsp;&nbsp;&nbsp;&nbsp;&nbsp;&nbsp;&nbsp;&nbsp;&nbsp;&nbsp;&nbsp;&nbsp;&nbsp;&nbsp;&nbsp;&nbsp;&nbsp;&nbsp;&nbsp;&nbsp;&nbsp;&nbsp;&nbsp;&nbsp;&nbsp;&nbsp;&nbsp;&nbsp;&nbsp;&nbsp;&nbsp;&nbsp;&nbsp;&nbsp;&nbsp;&nbsp;&nbsp;&nbsp;&nbsp;&nbsp;&nbsp;&nbsp;&nbsp;&nbsp;&nbsp;&nbsp;&nbsp;&nbsp;&nbsp; &nbsp;&nbsp;&nbsp;&nbsp;&nbsp;&nbsp;&nbsp;&nbsp;(PAIS). MOTOR L&#8217;ESCALA, S.C.P. no assegura que el Lloc web compleixi amb legislacions d&#8217;altres pa\u00efsos, ja sigui totalment o parcialment. Si l&#8217;Usuari resideix o t\u00e9 el seu domiciliat en un altre lloc i decideix accedir i\/o navegar en el Lloc web el far\u00e0 sota la seva pr\u00f2pia responsabilitat, haur\u00e0 d&#8217;assegurar-se que tal acc\u00e9s i navegaci\u00f3 compleix amb la legislaci\u00f3 local que li \u00e9s aplicable, no assumint EDOR TEAM cap responsabilitat que es pugui derivar d&#8217;aquest acc\u00e9s.<\/p>\n\n\n\n<p><strong>3) PROPIETAT INTELECTUAL<\/strong><\/p>\n\n\n\n<p>A l&#8217;efecte de preservar els possibles drets de propietat intel\u00b7lectual, en el cas que qualsevol usuari\/a o un tercer\/a consideri que s&#8217;ha produ\u00eft una violaci\u00f3 dels seus leg\u00edtims drets per la introducci\u00f3 d&#8217;un determinat contingut en el Web, haur\u00e0 de notificar aquesta circumst\u00e0ncia a MOTOR L&#8217;ESCALA, S.C.P. indicant:<\/p>\n\n\n\n<p>&#8211; Dades personals de la persona interessada titular dels drets presumptament infringits. Si la reclamaci\u00f3 la presenta un tercer\/a diferent de la persona interessada, haur\u00e0 d&#8217;indicar la representaci\u00f3 amb la qual actua.<\/p>\n\n\n\n<p>&#8211; Indicaci\u00f3 dels continguts protegits pels drets de propietat intel\u00b7lectual i la seva ubicaci\u00f3 en el Web.<\/p>\n\n\n\n<p>&#8211; Acreditaci\u00f3 dels citats drets de propietat intel\u00b7lectual.<\/p>\n\n\n\n<p>&#8211; Declaraci\u00f3 expressa en la qual l&#8217;interessat es responsabilitza de la veracitat de les informacions facilitades en la notificaci\u00f3.<\/p>\n\n\n\n<p>La marca MOTOR L&#8217;ESCALA, S.C.P. i la corresponent marca gr\u00e0fica \u00e9s marca registrada i queda prohibida la seva reproducci\u00f3 o \u00fas sense l&#8217;autoritzaci\u00f3 del seu titular. Igualment qualsevol una altra marca del MOTOR L&#8217;ESCALA, S.C.P. que aparegui en els llocs web detallats en l&#8217;apartat 1 d&#8217;aquest av\u00eds.<\/p>\n\n\n\n<p>La legitimitat dels drets de propietat intel\u00b7lectual o industrial corresponents als continguts aportats per tercers\/as \u00e9s de l&#8217;exclusiva responsabilitat d&#8217;els\/les mateixos\/as.<\/p>\n\n\n\n<p><strong>4) EXCLUSI\u00d3 DE RESPONSABILIDAD<\/strong><\/p>\n\n\n\n<p>MOTOR L&#8217;ESCALA, S.C.P. amb la m\u00e0xima dilig\u00e8ncia possible perqu\u00e8 les dades i la informaci\u00f3 que ofereix en el seu lloc web estigui actualitzada en tot moment. No garanteix ni es fa responsable l&#8217;exactitud i actualitzaci\u00f3 dels continguts del lloc web, reservant-se el dret a modificar aquests continguts en qualsevol moment. MOTOR L&#8217;ESCALA, S.C.P. tampoc ser\u00e0 responsable de la informaci\u00f3 que es pugui obtenir a trav\u00e9s d&#8217;enlla\u00e7os inclosos en el lloc web.<\/p>\n\n\n\n<p>Les relacions comercials entre clients es regiran per les condicions generals que, si fos necessari, s&#8217;establirien per MOTOR L&#8217;ESCALA, S.C.P. en un document espec\u00edfic a aquest efecte, o per als pactes concrets que es puguin recordar amb els clients.<\/p>\n\n\n\n<p><strong>5) POL\u00cdTICA DE INFORMACI\u00d3 I PUBLICITAT COMERCIAL.<\/strong><\/p>\n\n\n\n<p>MOTOR L&#8217;ESCALA, S.C.P. es compromet a trav\u00e9s d&#8217;aquest mitj\u00e0 a no realitzar publicitat enganyosa. A aquest efecte, per tant, no seran considerats com a publicitat enganyosa els errors formals o num\u00e8rics que puguin trobar-se al llarg del contingut de les diferents seccions de la Web, produ\u00efts a conseq\u00fc\u00e8ncia d&#8217;un manteniment i\/o actualitzaci\u00f3 incompleta de la informaci\u00f3 continguda en aquestes seccions. MOTOR L&#8217;ESCALA, S.C.P., a conseq\u00fc\u00e8ncia del que es disposa en aquest apartat, es compromet a corregir-lo tan aviat com tingui coneixement d&#8217;aquests errors.<\/p>\n\n\n\n<p>MOTOR L&#8217;ESCALA, S.C.P. es compromet a no remetre comunicacions comercials sense identificar-les com a tals, conforme al que es disposa en la Llei 34\/2002 de Serveis de la Societat de la Informaci\u00f3 i de comer\u00e7 electr\u00f2nic. A aquest efecte no ser\u00e0 considerat com a comunicaci\u00f3 comercial tota la informaci\u00f3 que s&#8217;envi\u00ef als clients de MOTOR L&#8217;ESCALA, S.C.P. que tingui per finalitat el manteniment de la relaci\u00f3 contractual existent entre client i MOTOR L&#8217;ESCALA, S.C.P., aix\u00ed com l&#8217;acompliment de les tasques d&#8217;informaci\u00f3 i altres activitats pr\u00f2pies del servei que el client t\u00e9 contractat.<\/p>\n\n\n\n<p>En el cas de rebre comunicacions per aquests mitjans (correus electr\u00f2nics, missatges de resposta automatitzada de formularis, i altres sistemes de comunicaci\u00f3) l&#8217;informem que els missatges es dirigeixen exclusivament al seu destinatari i pot contenir informaci\u00f3 privilegiada o confidencial. Si no \u00e9s vost\u00e8 el destinatari indicat, queda notificat que la utilitzaci\u00f3, divulgaci\u00f3 i\/o c\u00f2pia sense autoritzaci\u00f3 est\u00e0 prohibida en virtut de la legislaci\u00f3 vigent.<\/p>\n\n\n\n<p>De conformitat amb el que s&#8217;estableix en la Llei 34\/2002 d&#8217;11 de juliol, de Serveis de la Societat de la Informaci\u00f3 i del Comer\u00e7 Electr\u00f2nic, i la Directiva 2002\/58\/CE li comuniquem que en el cas que no desitgi rebre comunicacions i informacions d&#8217;\u00edndole comercial mitjan\u00e7ant aquest sistema de comunicaci\u00f3 electr\u00f2nica, ens l&#8217;indiqui per aquesta mateixa via indicant en l&#8217;assumpte BAIXA COMUNICACIONS perqu\u00e8 les seves dades personals siguin donats de baixa de la nostra base de dades. La seva sol\u00b7licitud ser\u00e0 accionada en un termini de 10 dies des del seu enviament. En el cas que no rebem contestaci\u00f3 expressa per part seva, entendrem que accepta i autoritza que la nostra empresa continu\u00ef realitzant les referides comunicacions.<\/p>\n\n\n\n<p><strong>6) POL\u00cdTICA D&#8217;ENLLA\u00c7OS<\/strong><\/p>\n\n\n\n<p>S&#8217;informa que el Lloc web de MOTOR L&#8217;ESCALA, S.C.P. posa o pot posar a la disposici\u00f3 dels Usuaris mitjans d&#8217;enlla\u00e7 (com, entre altres, links, b\u00e0ners, botons), directoris i motors de cerca que permeten als Usuaris accedir a llocs web pertanyents i\/o gestionats per tercers.<\/p>\n\n\n\n<p>La instal\u00b7laci\u00f3 d&#8217;aquests enlla\u00e7os, directoris i motors de cerca en el Lloc web t\u00e9 per objecte facilitar als Usuaris la cerca d&#8217;i acc\u00e9s a la informaci\u00f3 disponible en Internet, sense que pugui considerar-se un suggeriment, recomanaci\u00f3 o invitaci\u00f3 per a la visita d&#8217;aquests.MOTOR L&#8217;ESCALA, S.C.P. no ofereix ni comercialitza per si ni per mitj\u00e0 de tercers els productes i\/o serveis disponibles en aquests llocs enlla\u00e7ats.<\/p>\n\n\n\n<p>L&#8217;Usuari o tercer que realitzi un hipervincle des d&#8217;una p\u00e0gina web d&#8217;un altre, diferent, lloc web al Lloc web haur\u00e0 de saber que:<\/p>\n\n\n\n<p>No es permet la reproducci\u00f3 -totalment o parcialment- de cap dels Continguts i\/o Serveis del Lloc web sense autoritzaci\u00f3 expressa de MOTOR L&#8217;ESCALA, S.C.P..<\/p>\n\n\n\n<p>No es permet tampoc cap manifestaci\u00f3 falsa, inexacta o incorrecta sobre el Lloc web de MOTOR L&#8217;ESCALA, S.C.P., ni sobre els Continguts i\/o Serveis d&#8217;aquest.<\/p>\n\n\n\n<p>A excepci\u00f3 de l&#8217;enlla\u00e7, el lloc web en el qual s&#8217;estableixi aquest enlla\u00e7 no contindr\u00e0 cap element, d&#8217;aquest Lloc web, protegit com a propietat intel\u00b7lectual per l&#8217;ordenament jur\u00eddic espanyol, excepte autoritzaci\u00f3 expressa de MOTOR L&#8217;ESCALA, S.C.P..<\/p>\n\n\n\n<p>L&#8217;establiment de l&#8217;enlla\u00e7 no implicar\u00e0 l&#8217;exist\u00e8ncia de relacions entre MOTOR L&#8217;ESCALA, S.C.P. i el titular del lloc web des del qual es realitzi, ni el coneixement i acceptaci\u00f3 de MOTOR L&#8217;ESCALA, S.C.P. dels continguts, serveis i\/o activitats ofertes en aquest lloc web, i viceversa.<\/p>\n\n\n\n<p><strong>7) REDES SOCIALES<\/strong><\/p>\n\n\n\n<p>L&#8217;informem que pot tenir pres\u00e8ncia en xarxes socials. El tractament de les dades que es dugui a terme de les persones que es facin seguidores en les xarxes socials (i\/o realitzin qualsevol vincle o acci\u00f3 de connexi\u00f3 a trav\u00e9s de les xarxes socials) de les p\u00e0gines oficials des regir\u00e0 per aquest apartat, aix\u00ed com per aquelles condicions d&#8217;\u00fas, pol\u00edtiques de privacitat i normatives d&#8217;acc\u00e9s que pertanyin a la xarxa social que procedeixi en cada cas i acceptades pr\u00e8viament per l&#8217;usuari.<\/p>\n\n\n\n<p><strong>8) JURISDICCI\u00d3 I LLEIS APLICABLES.<\/strong><\/p>\n\n\n\n<p>L&#8217;\u00fas d&#8217;aquest lloc web implica l&#8217;acceptaci\u00f3 plena dels termes del present av\u00eds legal. El present Av\u00eds Legal i totes les relacions que s&#8217;estableixin entre MOTOR L&#8217;ESCALA, S.C.P. l&#8217;Usuari de la Web i els seus serveis es regiran pel que s&#8217;estableix en la legislaci\u00f3 espanyola.<\/p>\n\n\n\n<p>\u00daltima actualiztaci\u00f3: 27\/04\/23<\/p>","protected":false},"excerpt":{"rendered":"<p>1) INFORMACI\u00d3 DEL TITULAR En compliment de l&#8217;article 10 de la Llei 34\/2002, d&#8217;11 de&hellip;<\/p>","protected":false},"author":1,"featured_media":0,"parent":0,"menu_order":0,"comment_status":"closed","ping_status":"closed","template":"","meta":[],"_links":{"self":[{"href":"https:\/\/motorental.cat\/en\/wp-json\/wp\/v2\/pages\/608"}],"collection":[{"href":"https:\/\/motorental.cat\/en\/wp-json\/wp\/v2\/pages"}],"about":[{"href":"https:\/\/motorental.cat\/en\/wp-json\/wp\/v2\/types\/page"}],"author":[{"embeddable":true,"href":"https:\/\/motorental.cat\/en\/wp-json\/wp\/v2\/users\/1"}],"replies":[{"embeddable":true,"href":"https:\/\/motorental.cat\/en\/wp-json\/wp\/v2\/comments?post=608"}],"version-history":[{"count":1,"href":"https:\/\/motorental.cat\/en\/wp-json\/wp\/v2\/pages\/608\/revisions"}],"predecessor-version":[{"id":2603,"href":"https:\/\/motorental.cat\/en\/wp-json\/wp\/v2\/pages\/608\/revisions\/2603"}],"wp:attachment":[{"href":"https:\/\/motorental.cat\/en\/wp-json\/wp\/v2\/media?parent=608"}],"curies":[{"name":"wp","href":"https:\/\/api.w.org\/{rel}","templated":true}]}}