{"id":2723,"date":"2026-04-12T08:21:20","date_gmt":"2026-04-12T08:21:20","guid":{"rendered":"https:\/\/motorental.cat\/lloguer-de-motos-a-la-costa-brava\/"},"modified":"2026-04-12T08:21:20","modified_gmt":"2026-04-12T08:21:20","slug":"lloguer-de-motos-a-la-costa-brava","status":"publish","type":"page","link":"https:\/\/motorental.cat\/en\/lloguer-de-motos-a-la-costa-brava\/","title":{"rendered":"Lloguer de motos a la Costa Brava"},"content":{"rendered":"<h1>Lloguer de motos a la Costa Brava<\/h1>\n<p>Si busques lloguer de motos a la Costa Brava, a Moto Rental t&#8217;ho posem f\u00e0cil. Disposem de motos de 125cc ideals per moure&#8217;t amb comoditat entre Platja d&#8217;Aro, Palam\u00f3s, Sant Antoni de Calonge i les millors cales de la zona.<\/p>\n<p>Evita el tr\u00e0nsit i els problemes d&#8217;aparcament i descobreix la Costa Brava al teu ritme. Amb el nostre servei de lloguer de scooters podr\u00e0s arribar a llocs \u00fanics de forma r\u00e0pida i econ\u00f2mica.<\/p>\n<p>Oferim diferents opcions d&#8217;asseguran\u00e7a perqu\u00e8 puguis viatjar amb tranquil\u00b7litat, incloent opcions amb responsabilitat limitada. La majoria de clients trien la cobertura Premium per gaudir sense preocupacions.<\/p>\n<p>Reserva la teva moto online en pocs minuts i comen\u00e7a a gaudir de la Costa Brava.<\/p>\n<h2>Per qu\u00e8 llogar una moto a la Costa Brava<\/h2>\n<p>La moto \u00e9s la manera m\u00e9s c\u00f2moda i flexible d&#8217;explorar la Costa Brava. Evita cues, troba aparcament f\u00e0cilment i arriba a cales i racons inaccessibles en cotxe.<\/p>\n<h2>Les nostres motos de 125cc<\/h2>\n<p>Scooters modernes, c\u00f2modes i f\u00e0cils de conduir. Ideals per a tothom que tingui el carnet de cotxe (B1) o el carnet de moto (A1).<\/p>\n<h2>Opcions d&#8217;asseguran\u00e7a<\/h2>\n<p>Oferim diverses cobertures per adaptar-nos a les teves necessitats: asseguran\u00e7a b\u00e0sica, asseguran\u00e7a est\u00e0ndard i cobertura Premium sense franqu\u00edcia.<\/p>\n<h2>Com fer la reserva<\/h2>\n<p>Reserva online en pocs minuts des de la nostra web. Tria les dates, el tipus d&#8217;asseguran\u00e7a i confirma la reserva. Ens veiem al local!<\/p>\n<h2>Preguntes freq\u00fcents<\/h2>\n<p>Quina documentaci\u00f3 necessito? Cal tenir carnet de conduir (B o A1) i un document d&#8217;identitat v\u00e0lid. Pots pagar amb targeta o en efectiu.<\/p>","protected":false},"excerpt":{"rendered":"<p>Lloguer de motos a la Costa Brava Si busques lloguer de motos a la Costa&hellip;<\/p>","protected":false},"author":1,"featured_media":0,"parent":0,"menu_order":0,"comment_status":"closed","ping_status":"closed","template":"","meta":[],"_links":{"self":[{"href":"https:\/\/motorental.cat\/en\/wp-json\/wp\/v2\/pages\/2723"}],"collection":[{"href":"https:\/\/motorental.cat\/en\/wp-json\/wp\/v2\/pages"}],"about":[{"href":"https:\/\/motorental.cat\/en\/wp-json\/wp\/v2\/types\/page"}],"author":[{"embeddable":true,"href":"https:\/\/motorental.cat\/en\/wp-json\/wp\/v2\/users\/1"}],"replies":[{"embeddable":true,"href":"https:\/\/motorental.cat\/en\/wp-json\/wp\/v2\/comments?post=2723"}],"version-history":[{"count":0,"href":"https:\/\/motorental.cat\/en\/wp-json\/wp\/v2\/pages\/2723\/revisions"}],"wp:attachment":[{"href":"https:\/\/motorental.cat\/en\/wp-json\/wp\/v2\/media?parent=2723"}],"curies":[{"name":"wp","href":"https:\/\/api.w.org\/{rel}","templated":true}]}}